{"id":334,"date":"2016-05-24T22:37:50","date_gmt":"2016-05-24T22:37:50","guid":{"rendered":"https:\/\/cheerup.theme-sphere.com\/magazine\/?page_id=334"},"modified":"2024-10-06T16:43:36","modified_gmt":"2024-10-06T14:43:36","slug":"about-shane","status":"publish","type":"page","link":"https:\/\/www.ofpublicinterest.eu\/index.php\/about-shane\/","title":{"rendered":"Il progetto"},"content":{"rendered":"<p>Of public interest \u00e8 uno spazio riservato a storie, tematiche e scelte che per i loro contenuti interessano la dimensione comune, la dimensione pubblica.<\/p>\n<p>La storia di un individuo cos\u00ec come una scelta di produzione etica o un pensiero che favorisce la dimensione umana possono rappresentare un esempio, uno spunto di riflessione o semplicemente una realt\u00e0 da conoscere per confidare nell&#8217;idea che si possa costruire una societ\u00e0 basata sul rispetto della vita.<\/p>\n<p>Una societ\u00e0 dove l&#8217;empatia sia caratterizzante, l&#8217;educazione emotiva prioritaria. Dove il profitto sia subordinato alla conservazione delle libert\u00e0 democratiche e si lavori affinch\u00e9 per le nuove generazioni le sopraffazioni, l&#8217;emarginazione sociale, le disuguaglianze e qualunque forma di razzismo siano analizzate sui manuali di storia e non riscontrate nella vita quotidiana.<\/p>\n<p>Lo spazio pubblico \u00e8 nostro, ogni singola azione, ogni singola voce, ogni singola scelta ha un peso perch\u00e9 lo compone. Ognuno di noi pu\u00f2 essere responsabile e complice nella costruzione di una societ\u00e0 a misura d&#8217;uomo.<\/p>\n","protected":false},"excerpt":{"rendered":"<p>Of public interest \u00e8 uno spazio riservato a storie, tematiche e scelte che per i loro contenuti interessano la dimensione comune, la dimensione pubblica. La storia di un individuo cos\u00ec come una scelta di produzione etica o un pensiero che favorisce la dimensione umana possono rappresentare un esempio, uno spunto di riflessione o semplicemente una<\/p>\n","protected":false},"author":2,"featured_media":0,"parent":0,"menu_order":0,"comment_status":"closed","ping_status":"closed","template":"","meta":{"om_disable_all_campaigns":false,"_mi_skip_tracking":false,"_monsterinsights_sitenote_active":false,"_monsterinsights_sitenote_note":"","_monsterinsights_sitenote_category":0,"ngg_post_thumbnail":0,"footnotes":""},"class_list":["post-334","page","type-page","status-publish"],"aioseo_notices":[],"_links":{"self":[{"href":"https:\/\/www.ofpublicinterest.eu\/index.php\/wp-json\/wp\/v2\/pages\/334","targetHints":{"allow":["GET"]}}],"collection":[{"href":"https:\/\/www.ofpublicinterest.eu\/index.php\/wp-json\/wp\/v2\/pages"}],"about":[{"href":"https:\/\/www.ofpublicinterest.eu\/index.php\/wp-json\/wp\/v2\/types\/page"}],"author":[{"embeddable":true,"href":"https:\/\/www.ofpublicinterest.eu\/index.php\/wp-json\/wp\/v2\/users\/2"}],"replies":[{"embeddable":true,"href":"https:\/\/www.ofpublicinterest.eu\/index.php\/wp-json\/wp\/v2\/comments?post=334"}],"version-history":[{"count":1,"href":"https:\/\/www.ofpublicinterest.eu\/index.php\/wp-json\/wp\/v2\/pages\/334\/revisions"}],"predecessor-version":[{"id":7257,"href":"https:\/\/www.ofpublicinterest.eu\/index.php\/wp-json\/wp\/v2\/pages\/334\/revisions\/7257"}],"wp:attachment":[{"href":"https:\/\/www.ofpublicinterest.eu\/index.php\/wp-json\/wp\/v2\/media?parent=334"}],"curies":[{"name":"wp","href":"https:\/\/api.w.org\/{rel}","templated":true}]}}