{"id":5150,"date":"2023-01-09T22:20:33","date_gmt":"2023-01-09T21:20:33","guid":{"rendered":"https:\/\/www.ofpublicinterest.eu\/?page_id=5150"},"modified":"2023-01-09T22:20:33","modified_gmt":"2023-01-09T21:20:33","slug":"you-dont-need-a-name","status":"publish","type":"page","link":"https:\/\/www.ofpublicinterest.eu\/index.php\/you-dont-need-a-name\/","title":{"rendered":"You don&#8217;t need a name"},"content":{"rendered":"\n<figure class=\"wp-block-image size-large\"><img loading=\"lazy\" decoding=\"async\" width=\"1024\" height=\"807\" src=\"https:\/\/www.ofpublicinterest.eu\/wp-content\/uploads\/2023\/01\/WhatsApp-Image-2023-01-07-at-17.51.37-1-1024x807.jpeg\" alt=\"\" class=\"wp-image-5151\" srcset=\"https:\/\/www.ofpublicinterest.eu\/wp-content\/uploads\/2023\/01\/WhatsApp-Image-2023-01-07-at-17.51.37-1-1024x807.jpeg 1024w, https:\/\/www.ofpublicinterest.eu\/wp-content\/uploads\/2023\/01\/WhatsApp-Image-2023-01-07-at-17.51.37-1-300x236.jpeg 300w, https:\/\/www.ofpublicinterest.eu\/wp-content\/uploads\/2023\/01\/WhatsApp-Image-2023-01-07-at-17.51.37-1-1536x1210.jpeg 1536w, https:\/\/www.ofpublicinterest.eu\/wp-content\/uploads\/2023\/01\/WhatsApp-Image-2023-01-07-at-17.51.37-1.jpeg 1609w\" sizes=\"auto, (max-width: 1024px) 100vw, 1024px\" \/><\/figure>\n\n\n\n<p>Ognuno di noi ha un piccolo spazio di s\u00e9 che merita l\u2019ascolto degli altri.<\/p>\n\n\n\n<p>Quello che viviamo spesso ci accomuna pi\u00f9 di quanto possiamo immaginare, dargli voce, a volte, significa aiutare anche gli altri a trovare la propria voce.<\/p>\n\n\n\n<p>Senza nomi o identit\u00e0 pu\u00f2 essere pi\u00f9 facile incontrarsi.<\/p>\n","protected":false},"excerpt":{"rendered":"<p>Ognuno di noi ha un piccolo spazio di s\u00e9 che merita l\u2019ascolto degli altri. Quello che viviamo spesso ci accomuna pi\u00f9 di quanto possiamo immaginare, dargli voce, a volte, significa aiutare anche gli altri a trovare la propria voce. Senza nomi o identit\u00e0 pu\u00f2 essere pi\u00f9 facile incontrarsi.<\/p>\n","protected":false},"author":1,"featured_media":0,"parent":0,"menu_order":0,"comment_status":"closed","ping_status":"closed","template":"","meta":{"om_disable_all_campaigns":false,"_mi_skip_tracking":false,"_monsterinsights_sitenote_active":false,"_monsterinsights_sitenote_note":"","_monsterinsights_sitenote_category":0,"ngg_post_thumbnail":0,"footnotes":""},"class_list":["post-5150","page","type-page","status-publish"],"aioseo_notices":[],"_links":{"self":[{"href":"https:\/\/www.ofpublicinterest.eu\/index.php\/wp-json\/wp\/v2\/pages\/5150","targetHints":{"allow":["GET"]}}],"collection":[{"href":"https:\/\/www.ofpublicinterest.eu\/index.php\/wp-json\/wp\/v2\/pages"}],"about":[{"href":"https:\/\/www.ofpublicinterest.eu\/index.php\/wp-json\/wp\/v2\/types\/page"}],"author":[{"embeddable":true,"href":"https:\/\/www.ofpublicinterest.eu\/index.php\/wp-json\/wp\/v2\/users\/1"}],"replies":[{"embeddable":true,"href":"https:\/\/www.ofpublicinterest.eu\/index.php\/wp-json\/wp\/v2\/comments?post=5150"}],"version-history":[{"count":1,"href":"https:\/\/www.ofpublicinterest.eu\/index.php\/wp-json\/wp\/v2\/pages\/5150\/revisions"}],"predecessor-version":[{"id":5153,"href":"https:\/\/www.ofpublicinterest.eu\/index.php\/wp-json\/wp\/v2\/pages\/5150\/revisions\/5153"}],"wp:attachment":[{"href":"https:\/\/www.ofpublicinterest.eu\/index.php\/wp-json\/wp\/v2\/media?parent=5150"}],"curies":[{"name":"wp","href":"https:\/\/api.w.org\/{rel}","templated":true}]}}