{"id":6752,"date":"2024-03-06T23:21:06","date_gmt":"2024-03-06T22:21:06","guid":{"rendered":"https:\/\/www.ofpublicinterest.eu\/?page_id=6752"},"modified":"2024-03-06T23:21:07","modified_gmt":"2024-03-06T22:21:07","slug":"dati-of-public-interest","status":"publish","type":"page","link":"https:\/\/www.ofpublicinterest.eu\/index.php\/dati-of-public-interest\/","title":{"rendered":"Dati Of Public Interest"},"content":{"rendered":"\n<p>Fin dalla sua nascita, su Of Public Interest sono state raccontate e approfondite problematiche sociali, culturali e psicologiche attraversando&nbsp;<strong>microcosmi<\/strong>, storie di individui o di realt\u00e0 che hanno un impatto positivo sullo spazio pubblico attraverso scelte e azioni.&nbsp;<\/p>\n\n\n\n<p>Addentrarsi in una storia o in una realt\u00e0 permette di coglierne i dettagli e tramite le sfaccettature di un racconto si maturano forme di empatia. La vicinanza per\u00f2 spesso non consente di comprendere pienamente quello che si sta guardando, perch\u00e9 le problematiche osservate con la lente d\u2019ingrandimento sono talvolta il frutto di&nbsp;<strong>dinamiche globali<\/strong>: ogni individuo gode di un margine di libert\u00e0 di scelta che \u00e8 limitato dal contesto entro cui si muove;&nbsp;<strong>analizzare<\/strong>&nbsp;la cornice oltre il soggetto attraverso la prospettiva della ricerca scientifica permette di individuare l\u2019origine di tali vincoli.<\/p>\n\n\n\n<p><strong>Inquadrare fenomeni<\/strong>&nbsp;come le disuguaglianze, la povert\u00e0 educativa, le carenze del sistema sanitario, la disoccupazione o le varie forme di emarginazione che coinvolgono in prima linea le vite degli individui che hanno uno spazio sulla nostra piattaforma ci permette di mettere in luce non solo dei fattori comuni nelle storie che raccontiamo, ma anche gli strumenti che potrebbero essere utilizzati per ridurre i&nbsp;<strong>vincoli<\/strong>&nbsp;e aumentare le&nbsp;<strong>opportunit\u00e0<\/strong>. Tramite accenni di letteratura economica, dati, grafici e testi divulgativi forniremo delle&nbsp;<strong>analisi<\/strong>&nbsp;che permetteranno di inquadrare quali strumenti di politica potrebbero supportare un&nbsp;<strong>cambiamento<\/strong><strong>effettivo<\/strong>.&nbsp;<\/p>\n\n\n\n<p><strong>Se \u00e8 vero che l\u2019azione dei singoli individui \u00e8 essenziale per procedere in una direzione di giustizia sociale, \u00e8 anche vero che questa, da sola, non \u00e8 sufficiente<\/strong>.<\/p>\n","protected":false},"excerpt":{"rendered":"<p>Fin dalla sua nascita, su Of Public Interest sono state raccontate e approfondite problematiche sociali, culturali e psicologiche attraversando&nbsp;microcosmi, storie di individui o di realt\u00e0 che hanno un impatto positivo sullo spazio pubblico attraverso scelte e azioni.&nbsp; Addentrarsi in una storia o in una realt\u00e0 permette di coglierne i dettagli e tramite le sfaccettature di<\/p>\n","protected":false},"author":4,"featured_media":0,"parent":0,"menu_order":0,"comment_status":"closed","ping_status":"closed","template":"","meta":{"om_disable_all_campaigns":false,"_mi_skip_tracking":false,"_monsterinsights_sitenote_active":false,"_monsterinsights_sitenote_note":"","_monsterinsights_sitenote_category":0,"ngg_post_thumbnail":0,"footnotes":""},"class_list":["post-6752","page","type-page","status-publish"],"aioseo_notices":[],"_links":{"self":[{"href":"https:\/\/www.ofpublicinterest.eu\/index.php\/wp-json\/wp\/v2\/pages\/6752","targetHints":{"allow":["GET"]}}],"collection":[{"href":"https:\/\/www.ofpublicinterest.eu\/index.php\/wp-json\/wp\/v2\/pages"}],"about":[{"href":"https:\/\/www.ofpublicinterest.eu\/index.php\/wp-json\/wp\/v2\/types\/page"}],"author":[{"embeddable":true,"href":"https:\/\/www.ofpublicinterest.eu\/index.php\/wp-json\/wp\/v2\/users\/4"}],"replies":[{"embeddable":true,"href":"https:\/\/www.ofpublicinterest.eu\/index.php\/wp-json\/wp\/v2\/comments?post=6752"}],"version-history":[{"count":1,"href":"https:\/\/www.ofpublicinterest.eu\/index.php\/wp-json\/wp\/v2\/pages\/6752\/revisions"}],"predecessor-version":[{"id":6754,"href":"https:\/\/www.ofpublicinterest.eu\/index.php\/wp-json\/wp\/v2\/pages\/6752\/revisions\/6754"}],"wp:attachment":[{"href":"https:\/\/www.ofpublicinterest.eu\/index.php\/wp-json\/wp\/v2\/media?parent=6752"}],"curies":[{"name":"wp","href":"https:\/\/api.w.org\/{rel}","templated":true}]}}