{"id":6770,"date":"2024-03-07T00:08:43","date_gmt":"2024-03-06T23:08:43","guid":{"rendered":"https:\/\/www.ofpublicinterest.eu\/?page_id=6770"},"modified":"2024-06-27T17:44:20","modified_gmt":"2024-06-27T15:44:20","slug":"non-con-leggerezza","status":"publish","type":"page","link":"https:\/\/www.ofpublicinterest.eu\/index.php\/non-con-leggerezza\/","title":{"rendered":"Questioni Legislative"},"content":{"rendered":"\n<p>La rubrica nasce dall\u2019esigenza di creare uno spazio di partecipazione e condivisione, dedicato esclusivamente al diritto. L\u2019idea nasce dall\u2019avvertita necessit\u00e0 di illustrare il complesso sistema legislativo che la nostra comunit\u00e0 \u00e8 chiamata quotidianamente a rispettare, e da cui discendono diritti che la societ\u00e0 deve pretendere.<\/p>\n\n\n\n<p><br>L\u2019intento della rubrica \u00e8 quello di fornire al lettore gli strumenti di base per comprendere le decisioni legislative del Parlamento e le determinazioni applicative della giurisprudenza, in ordine proprio alle regole che l\u2019organo legislativo fornisce. <\/p>\n\n\n\n<p>L\u2019ordinamento non pu\u00f2, difatti, essere compreso pienamente se non si analizzano le applicazioni pratiche che i tribunali fanno delle norme giuridiche, tali da rendere l\u2019arida lex scripta \u201cdiritto vivente\u201d.<\/p>\n\n\n\n<p><br>Tutto ci\u00f2 verr\u00e0 affrontato in maniera imparziale, approfondendo la ratio delle decisioni legislative e giurisprudenziali, analizzando i pro e i contro delle determinazioni degli organi statuali, cos\u00ec da stimolare il lettore ad un ragionamento consapevole, ma tale da lasciare al lettore stesso l\u2019aspetto critico.<\/p>\n\n\n\n<p><br>Se il diritto viene indicato come il sistema di regole utili al vivere civile, la giurisprudenza \u00e8 l\u2019applicazione pratica di quelle regole ai fatti comuni. Il sistema giustizia rappresenta uno dei servizi essenziali di cui un paese, che abbia raggiunto un determinato standard di civilt\u00e0, non pu\u00f2 fare a meno per garantire la pace sociale. Tanto ci\u00f2 \u00e8 vero che l\u2019intervento del giudice \u00e8 un \u201catto di reintegrazione di un diritto violato, specialmente quando la sentenza dell\u2019autorit\u00e0 giudiziaria viene pronunciata a favore di un debole di fronte ad un prepotente\u201d.<\/p>\n\n\n\n<p><br>I contributi della rubrica si svilupperanno nell\u2019inquadramento sistemico degli istituti fondamentali del sistema giuridico, con particolare riferimento ai diritti supremi contenuti nella Costituzione. Si analizzeranno, inoltre, sia le novit\u00e0 legislative pi\u00f9 interessanti, sia le sentenze della giurisprudenza di merito e di legittimit\u00e0, specialmente in ordine ai fatti che quotidianamente riempiono le principali testate giornalistiche del nostro paese. <\/p>\n\n\n\n<p><strong>Comprendere la legge e la sua concreta applicazione \u00e8 il punto di partenza per una societ\u00e0 che possa considerarsi libera.<\/strong><\/p>\n","protected":false},"excerpt":{"rendered":"<p>La rubrica nasce dall\u2019esigenza di creare uno spazio di partecipazione e condivisione, dedicato esclusivamente al diritto. L\u2019idea nasce dall\u2019avvertita necessit\u00e0 di illustrare il complesso sistema legislativo che la nostra comunit\u00e0 \u00e8 chiamata quotidianamente a rispettare, e da cui discendono diritti che la societ\u00e0 deve pretendere. L\u2019intento della rubrica \u00e8 quello di fornire al lettore gli<\/p>\n","protected":false},"author":9,"featured_media":0,"parent":0,"menu_order":0,"comment_status":"closed","ping_status":"closed","template":"","meta":{"om_disable_all_campaigns":false,"_mi_skip_tracking":false,"_monsterinsights_sitenote_active":false,"_monsterinsights_sitenote_note":"","_monsterinsights_sitenote_category":0,"ngg_post_thumbnail":0,"footnotes":""},"class_list":["post-6770","page","type-page","status-publish"],"aioseo_notices":[],"_links":{"self":[{"href":"https:\/\/www.ofpublicinterest.eu\/index.php\/wp-json\/wp\/v2\/pages\/6770","targetHints":{"allow":["GET"]}}],"collection":[{"href":"https:\/\/www.ofpublicinterest.eu\/index.php\/wp-json\/wp\/v2\/pages"}],"about":[{"href":"https:\/\/www.ofpublicinterest.eu\/index.php\/wp-json\/wp\/v2\/types\/page"}],"author":[{"embeddable":true,"href":"https:\/\/www.ofpublicinterest.eu\/index.php\/wp-json\/wp\/v2\/users\/9"}],"replies":[{"embeddable":true,"href":"https:\/\/www.ofpublicinterest.eu\/index.php\/wp-json\/wp\/v2\/comments?post=6770"}],"version-history":[{"count":2,"href":"https:\/\/www.ofpublicinterest.eu\/index.php\/wp-json\/wp\/v2\/pages\/6770\/revisions"}],"predecessor-version":[{"id":7102,"href":"https:\/\/www.ofpublicinterest.eu\/index.php\/wp-json\/wp\/v2\/pages\/6770\/revisions\/7102"}],"wp:attachment":[{"href":"https:\/\/www.ofpublicinterest.eu\/index.php\/wp-json\/wp\/v2\/media?parent=6770"}],"curies":[{"name":"wp","href":"https:\/\/api.w.org\/{rel}","templated":true}]}}